{"id":549,"date":"2021-11-05T12:33:45","date_gmt":"2021-11-05T11:33:45","guid":{"rendered":"https:\/\/demosites.royal-elementor-addons.com\/skincare-v1\/?page_id=549"},"modified":"2025-06-16T11:49:56","modified_gmt":"2025-06-16T09:49:56","slug":"a-propos","status":"publish","type":"page","link":"https:\/\/af-energeticienne.fr\/?page_id=549","title":{"rendered":"\u00c0 propos"},"content":{"rendered":"<h2>\u00c0 propos<\/h2>\n<p>\t\t\t\t\t\t\t\t\t\t\t\t\t\t\t<img fetchpriority=\"high\" decoding=\"async\" width=\"960\" height=\"964\" src=\"https:\/\/af-energeticienne.fr\/wp-content\/uploads\/2025\/06\/allison-de-face-1020x1024.jpg\" alt=\"\" srcset=\"https:\/\/af-energeticienne.fr\/wp-content\/uploads\/2025\/06\/allison-de-face-1020x1024.jpg 1020w, https:\/\/af-energeticienne.fr\/wp-content\/uploads\/2025\/06\/allison-de-face-300x300.jpg 300w, https:\/\/af-energeticienne.fr\/wp-content\/uploads\/2025\/06\/allison-de-face-150x150.jpg 150w, https:\/\/af-energeticienne.fr\/wp-content\/uploads\/2025\/06\/allison-de-face-768x771.jpg 768w, https:\/\/af-energeticienne.fr\/wp-content\/uploads\/2025\/06\/allison-de-face.jpg 1152w\" sizes=\"(max-width: 960px) 100vw, 960px\" \/>\t\t\t\t\t\t\t\t\t\t\t\t\t\t\t<\/p>\n<h2>Bienvenue \ud83d\ude4f<\/h2>\n<h2>Un parcours atypique<\/h2>\n<p>Les multiples exp\u00e9riences que j&rsquo;ai v\u00e9cu que ce soit sur le plan social, professionnel ou personnel, m&rsquo;ont forg\u00e9 un caract\u00e8re r\u00e9silient. Particuli\u00e8rement mon enfance, qui n&rsquo;a pas \u00e9t\u00e9 facile. Cela m&rsquo;a donn\u00e9 une grande capacit\u00e9 \u00e0 comprendre mon prochain et \u00e0 empathiser.<\/p>\n<h2>Un \u00e9l\u00e9ment d\u00e9clencheur<\/h2>\n<p>A posteriori d&rsquo;une forte d\u00e9ception amoureuse, si puissante que celle-ci\u00a0me conduisit \u00e0 me recentrer sur l&rsquo;essentiel, me concentrer sur le bien-\u00eatre spirituel. C&rsquo;est \u00e0 la suite de cela que j&rsquo;entamas un processus de connexion avec moi-m\u00eame.<\/p>\n<h2>Recherches sur les \u00e9nergies<\/h2>\n<p>Vivant des exp\u00e9riences surnaturelles\u00a0 et d\u00e9couvrant les dons h\u00e9rit\u00e9s de ma grand-m\u00e8re, dont elle ne voulut user de peur de l&rsquo;inconnu ou d&rsquo;\u00eatre tra\u00eet\u00e9e de sorci\u00e8re, j&rsquo;ai commenc\u00e9 \u00e0 d\u00e9velopper un int\u00e9r\u00eat particulier pour la compr\u00e9hension des forces invisibles.\u00a0<\/p>\n<h2>Croyance en l&rsquo;\u00e9sot\u00e9risme<\/h2>\n<p>Je crois fermement que les \u00e9nergies et la spiritualit\u00e9 jouent un r\u00f4le crucial dans notre existence. L&rsquo;\u00e9sot\u00e9risme ouvre<br \/>des portes vers des compr\u00e9hensions plus profondes de nous-m\u00eames et du monde.<\/p>\n<h2>Offrir des soins \u00e9nerg\u00e9tiques<\/h2>\n<p>Je m&rsquo;appuie sur mes croyances pour aider les autres \u00e0 trouver le soulagement et la gu\u00e9rison par le biais de soins<br \/>spirituels. Chaque rencontre est pour moi une chance de partager ma foi en l&rsquo;importance de l&rsquo;\u00e9quilibre \u00e9nerg\u00e9tique.<\/p>\n<h2>Une aide versatile<\/h2>\n<p>De cette exp\u00e9rience diversifi\u00e9e j&rsquo;ai appris \u00e0 m&rsquo;adapter, m&rsquo;aidant ainsi \u00e0 mieux comprendre les diff\u00e9rentes perspectives d&rsquo;une probl\u00e9matique. En vous \u00e9coutant dans chacune de nos s\u00e9ances, je vous apporterai les solutions ajust\u00e9es dont vous aurez besoin pour avancer.<\/p>\n<blockquote>\n<p style=\"text-align: center;\">\u00ab Qui vit en paix avec lui-m\u00eame vit en paix avec l&rsquo;univers. \u00bb<\/p>\n<p style=\"text-align: center;\"><em>Marc Aur\u00e8le\u00a0<\/em><\/p>\n<\/blockquote>\n","protected":false},"excerpt":{"rendered":"<p>\u00c0 propos Bienvenue \ud83d\ude4f Un parcours atypique Les multiples exp\u00e9riences que j&rsquo;ai v\u00e9cu que ce soit sur le plan social, professionnel ou personnel, m&rsquo;ont forg\u00e9 un caract\u00e8re r\u00e9silient. Particuli\u00e8rement mon enfance, qui n&rsquo;a pas \u00e9t\u00e9 facile. Cela m&rsquo;a donn\u00e9 une grande capacit\u00e9 \u00e0 comprendre mon prochain et \u00e0 empathiser. Un \u00e9l\u00e9ment d\u00e9clencheur A posteriori d&rsquo;une forte d\u00e9ception amoureuse, si puissante que celle-ci\u00a0me conduisit \u00e0 me recentrer sur l&rsquo;essentiel, me concentrer sur le bien-\u00eatre spirituel. C&rsquo;est \u00e0 la suite de cela que j&rsquo;entamas un processus de connexion avec moi-m\u00eame. Recherches sur les \u00e9nergies Vivant des exp\u00e9riences surnaturelles\u00a0 et d\u00e9couvrant les dons h\u00e9rit\u00e9s de ma grand-m\u00e8re, dont elle ne voulut user de peur de l&rsquo;inconnu ou d&rsquo;\u00eatre tra\u00eet\u00e9e de sorci\u00e8re, j&rsquo;ai commenc\u00e9 \u00e0 d\u00e9velopper un int\u00e9r\u00eat particulier pour la compr\u00e9hension des forces invisibles.\u00a0 Croyance en l&rsquo;\u00e9sot\u00e9risme Je crois fermement que les \u00e9nergies et la spiritualit\u00e9 jouent un r\u00f4le crucial dans notre existence. L&rsquo;\u00e9sot\u00e9risme ouvredes portes vers des compr\u00e9hensions plus profondes de nous-m\u00eames et du monde. Offrir des soins \u00e9nerg\u00e9tiques Je m&rsquo;appuie sur mes croyances pour aider les autres \u00e0 trouver le soulagement et la gu\u00e9rison par le biais de soinsspirituels. Chaque rencontre est pour moi une chance de partager ma foi en l&rsquo;importance de l&rsquo;\u00e9quilibre \u00e9nerg\u00e9tique. Une aide versatile De cette exp\u00e9rience diversifi\u00e9e j&rsquo;ai appris \u00e0 m&rsquo;adapter, m&rsquo;aidant ainsi \u00e0 mieux comprendre les diff\u00e9rentes perspectives d&rsquo;une probl\u00e9matique. En vous \u00e9coutant dans chacune de nos s\u00e9ances, je vous apporterai les solutions ajust\u00e9es dont vous aurez besoin pour avancer. \u00ab Qui vit en paix avec lui-m\u00eame vit en paix avec l&rsquo;univers. \u00bb Marc Aur\u00e8le\u00a0<\/p>\n","protected":false},"author":1,"featured_media":0,"parent":0,"menu_order":0,"comment_status":"closed","ping_status":"closed","template":"","meta":{"site-sidebar-layout":"default","site-content-layout":"","ast-site-content-layout":"default","site-content-style":"default","site-sidebar-style":"default","ast-global-header-display":"","ast-banner-title-visibility":"","ast-main-header-display":"","ast-hfb-above-header-display":"","ast-hfb-below-header-display":"","ast-hfb-mobile-header-display":"","site-post-title":"","ast-breadcrumbs-content":"","ast-featured-img":"","footer-sml-layout":"","ast-disable-related-posts":"","theme-transparent-header-meta":"","adv-header-id-meta":"","stick-header-meta":"","header-above-stick-meta":"","header-main-stick-meta":"","header-below-stick-meta":"","astra-migrate-meta-layouts":"default","ast-page-background-enabled":"default","ast-page-background-meta":{"desktop":{"background-color":"var(--ast-global-color-5)","background-image":"","background-repeat":"repeat","background-position":"center center","background-size":"auto","background-attachment":"scroll","background-type":"","background-media":"","overlay-type":"","overlay-color":"","overlay-opacity":"","overlay-gradient":""},"tablet":{"background-color":"","background-image":"","background-repeat":"repeat","background-position":"center center","background-size":"auto","background-attachment":"scroll","background-type":"","background-media":"","overlay-type":"","overlay-color":"","overlay-opacity":"","overlay-gradient":""},"mobile":{"background-color":"","background-image":"","background-repeat":"repeat","background-position":"center center","background-size":"auto","background-attachment":"scroll","background-type":"","background-media":"","overlay-type":"","overlay-color":"","overlay-opacity":"","overlay-gradient":""}},"ast-content-background-meta":{"desktop":{"background-color":"var(--ast-global-color-4)","background-image":"","background-repeat":"repeat","background-position":"center center","background-size":"auto","background-attachment":"scroll","background-type":"","background-media":"","overlay-type":"","overlay-color":"","overlay-opacity":"","overlay-gradient":""},"tablet":{"background-color":"var(--ast-global-color-4)","background-image":"","background-repeat":"repeat","background-position":"center center","background-size":"auto","background-attachment":"scroll","background-type":"","background-media":"","overlay-type":"","overlay-color":"","overlay-opacity":"","overlay-gradient":""},"mobile":{"background-color":"var(--ast-global-color-4)","background-image":"","background-repeat":"repeat","background-position":"center center","background-size":"auto","background-attachment":"scroll","background-type":"","background-media":"","overlay-type":"","overlay-color":"","overlay-opacity":"","overlay-gradient":""}},"footnotes":""},"class_list":["post-549","page","type-page","status-publish","hentry"],"_links":{"self":[{"href":"https:\/\/af-energeticienne.fr\/index.php?rest_route=\/wp\/v2\/pages\/549","targetHints":{"allow":["GET"]}}],"collection":[{"href":"https:\/\/af-energeticienne.fr\/index.php?rest_route=\/wp\/v2\/pages"}],"about":[{"href":"https:\/\/af-energeticienne.fr\/index.php?rest_route=\/wp\/v2\/types\/page"}],"author":[{"embeddable":true,"href":"https:\/\/af-energeticienne.fr\/index.php?rest_route=\/wp\/v2\/users\/1"}],"replies":[{"embeddable":true,"href":"https:\/\/af-energeticienne.fr\/index.php?rest_route=%2Fwp%2Fv2%2Fcomments&post=549"}],"version-history":[{"count":5,"href":"https:\/\/af-energeticienne.fr\/index.php?rest_route=\/wp\/v2\/pages\/549\/revisions"}],"predecessor-version":[{"id":2420,"href":"https:\/\/af-energeticienne.fr\/index.php?rest_route=\/wp\/v2\/pages\/549\/revisions\/2420"}],"wp:attachment":[{"href":"https:\/\/af-energeticienne.fr\/index.php?rest_route=%2Fwp%2Fv2%2Fmedia&parent=549"}],"curies":[{"name":"wp","href":"https:\/\/api.w.org\/{rel}","templated":true}]}}