{"id":2429,"date":"2026-04-19T16:05:44","date_gmt":"2026-04-19T16:05:44","guid":{"rendered":"https:\/\/af-energeticienne.fr\/?page_id=2429"},"modified":"2026-04-20T14:05:16","modified_gmt":"2026-04-20T14:05:16","slug":"allison-fossey-le-sanctuaire-numerique-caen","status":"publish","type":"page","link":"https:\/\/af-energeticienne.fr\/?page_id=2429","title":{"rendered":"Allison Fossey \u2014 Le Sanctuaire Num\u00e9rique (Caen)"},"content":{"rendered":"\t\t<div data-elementor-type=\"wp-page\" data-elementor-id=\"2429\" class=\"elementor elementor-2429\">\n\t\t\t\t<div class=\"elementor-element elementor-element-b16f1ba e-flex e-con-full wpr-particle-no wpr-jarallax-no wpr-parallax-no wpr-sticky-section-no e-con e-parent\" data-id=\"b16f1ba\" data-element_type=\"container\" data-e-type=\"container\" data-settings=\"{&quot;background_background&quot;:&quot;classic&quot;,&quot;position&quot;:&quot;fixed&quot;}\">\n\t\t\t\t<div class=\"elementor-element elementor-element-9a97b0a elementor-widget elementor-widget-heading\" data-id=\"9a97b0a\" data-element_type=\"widget\" data-e-type=\"widget\" data-widget_type=\"heading.default\">\n\t\t\t\t\t<div class=\"elementor-heading-title elementor-size-default\">Allison Fossey<\/div>\t\t\t\t<\/div>\n\t\t\t\t<div class=\"elementor-element elementor-element-86fb467 elementor-icon-list--layout-inline elementor-list-item-link-full_width elementor-widget elementor-widget-icon-list\" data-id=\"86fb467\" data-element_type=\"widget\" data-e-type=\"widget\" data-widget_type=\"icon-list.default\">\n\t\t\t\t\t\t\t<ul class=\"elementor-icon-list-items elementor-inline-items\">\n\t\t\t\t\t\t\t<li class=\"elementor-icon-list-item elementor-inline-item\">\n\t\t\t\t\t\t\t\t\t\t\t<a href=\"#accueil\">\n\n\t\t\t\t\t\t\t\t\t\t\t\t<span class=\"elementor-icon-list-icon\">\n\t\t\t\t\t\t\t<svg aria-hidden=\"true\" class=\"e-font-icon-svg e-fas-check\" viewBox=\"0 0 512 512\" xmlns=\"http:\/\/www.w3.org\/2000\/svg\"><path d=\"M173.898 439.404l-166.4-166.4c-9.997-9.997-9.997-26.206 0-36.204l36.203-36.204c9.997-9.998 26.207-9.998 36.204 0L192 312.69 432.095 72.596c9.997-9.997 26.207-9.997 36.204 0l36.203 36.204c9.997 9.997 9.997 26.206 0 36.204l-294.4 294.401c-9.998 9.997-26.207 9.997-36.204-.001z\"><\/path><\/svg>\t\t\t\t\t\t<\/span>\n\t\t\t\t\t\t\t\t\t\t<span class=\"elementor-icon-list-text\">Accueil<\/span>\n\t\t\t\t\t\t\t\t\t\t\t<\/a>\n\t\t\t\t\t\t\t\t\t<\/li>\n\t\t\t\t\t\t\t\t<li class=\"elementor-icon-list-item elementor-inline-item\">\n\t\t\t\t\t\t\t\t\t\t\t<a href=\"#propos\">\n\n\t\t\t\t\t\t\t\t\t\t\t\t<span class=\"elementor-icon-list-icon\">\n\t\t\t\t\t\t\t<svg aria-hidden=\"true\" class=\"e-font-icon-svg e-fas-check\" viewBox=\"0 0 512 512\" xmlns=\"http:\/\/www.w3.org\/2000\/svg\"><path d=\"M173.898 439.404l-166.4-166.4c-9.997-9.997-9.997-26.206 0-36.204l36.203-36.204c9.997-9.998 26.207-9.998 36.204 0L192 312.69 432.095 72.596c9.997-9.997 26.207-9.997 36.204 0l36.203 36.204c9.997 9.997 9.997 26.206 0 36.204l-294.4 294.401c-9.998 9.997-26.207 9.997-36.204-.001z\"><\/path><\/svg>\t\t\t\t\t\t<\/span>\n\t\t\t\t\t\t\t\t\t\t<span class=\"elementor-icon-list-text\">\u00c0 Propos<\/span>\n\t\t\t\t\t\t\t\t\t\t\t<\/a>\n\t\t\t\t\t\t\t\t\t<\/li>\n\t\t\t\t\t\t\t\t<li class=\"elementor-icon-list-item elementor-inline-item\">\n\t\t\t\t\t\t\t\t\t\t\t<a href=\"#contact\">\n\n\t\t\t\t\t\t\t\t\t\t\t\t<span class=\"elementor-icon-list-icon\">\n\t\t\t\t\t\t\t<svg aria-hidden=\"true\" class=\"e-font-icon-svg e-fas-check\" viewBox=\"0 0 512 512\" xmlns=\"http:\/\/www.w3.org\/2000\/svg\"><path d=\"M173.898 439.404l-166.4-166.4c-9.997-9.997-9.997-26.206 0-36.204l36.203-36.204c9.997-9.998 26.207-9.998 36.204 0L192 312.69 432.095 72.596c9.997-9.997 26.207-9.997 36.204 0l36.203 36.204c9.997 9.997 9.997 26.206 0 36.204l-294.4 294.401c-9.998 9.997-26.207 9.997-36.204-.001z\"><\/path><\/svg>\t\t\t\t\t\t<\/span>\n\t\t\t\t\t\t\t\t\t\t<span class=\"elementor-icon-list-text\">Contact<\/span>\n\t\t\t\t\t\t\t\t\t\t\t<\/a>\n\t\t\t\t\t\t\t\t\t<\/li>\n\t\t\t\t\t\t<\/ul>\n\t\t\t\t\t\t<\/div>\n\t\t\t\t<div class=\"elementor-element elementor-element-348af98 elementor-align-right elementor-widget elementor-widget-button\" data-id=\"348af98\" data-element_type=\"widget\" data-e-type=\"widget\" data-widget_type=\"button.default\">\n\t\t\t\t\t\t\t\t\t\t<a class=\"elementor-button elementor-button-link elementor-size-sm\" href=\"#\">\n\t\t\t\t\t\t<span class=\"elementor-button-content-wrapper\">\n\t\t\t\t\t\t\t\t\t<span class=\"elementor-button-text\">R\u00e9server un Soin<\/span>\n\t\t\t\t\t<\/span>\n\t\t\t\t\t<\/a>\n\t\t\t\t\t\t\t\t<\/div>\n\t\t\t\t<\/div>\n\t\t<div class=\"elementor-element elementor-element-b72e480 e-flex e-con-boxed wpr-particle-no wpr-jarallax-no wpr-parallax-no wpr-sticky-section-no e-con e-parent\" data-id=\"b72e480\" data-element_type=\"container\" data-e-type=\"container\" data-settings=\"{&quot;background_background&quot;:&quot;classic&quot;}\">\n\t\t\t\t\t<div class=\"e-con-inner\">\n\t\t\t\t<div class=\"elementor-element elementor-element-86d9628 elementor-widget elementor-widget-heading\" data-id=\"86d9628\" data-element_type=\"widget\" data-e-type=\"widget\" data-widget_type=\"heading.default\">\n\t\t\t\t\t<span class=\"elementor-heading-title elementor-size-default\">L'\u00e9veil des sens &amp; de l'\u00e2me \u2014 \u00c0 Caen<\/span>\t\t\t\t<\/div>\n\t\t\t\t<div class=\"elementor-element elementor-element-d5cd91f elementor-widget elementor-widget-heading\" data-id=\"d5cd91f\" data-element_type=\"widget\" data-e-type=\"widget\" data-widget_type=\"heading.default\">\n\t\t\t\t\t<h1 class=\"elementor-heading-title elementor-size-default\">Gu\u00e9rir par le souffle du vivant.<\/h1>\t\t\t\t<\/div>\n\t\t\t\t<div class=\"elementor-element elementor-element-ce6a7a2 elementor-widget elementor-widget-text-editor\" data-id=\"ce6a7a2\" data-element_type=\"widget\" data-e-type=\"widget\" data-widget_type=\"text-editor.default\">\n\t\t\t\t\t\t\t\t\t<p style=\"text-align: center; color: #ffffff; font-family: 'Noto Serif', serif; font-style: italic; font-size: 1.5rem; opacity: 0.95;\">\u00ab\u00a0Au c\u0153ur du silence, l\u00e0 o\u00f9 l&rsquo;\u00e9nergie circule sans entrave, se trouve la source de votre \u00e9quilibre v\u00e9ritable.\u00a0\u00bb<\/p>\t\t\t\t\t\t\t\t<\/div>\n\t\t\t\t<div class=\"elementor-element elementor-element-1846a05 elementor-view-default elementor-widget elementor-widget-icon\" data-id=\"1846a05\" data-element_type=\"widget\" data-e-type=\"widget\" data-widget_type=\"icon.default\">\n\t\t\t\t\t\t\t<div class=\"elementor-icon-wrapper\">\n\t\t\t<div class=\"elementor-icon\">\n\t\t\t<svg aria-hidden=\"true\" class=\"e-font-icon-svg e-fas-chevron-down\" viewBox=\"0 0 448 512\" xmlns=\"http:\/\/www.w3.org\/2000\/svg\"><path d=\"M207.029 381.476L12.686 187.132c-9.373-9.373-9.373-24.569 0-33.941l22.667-22.667c9.357-9.357 24.522-9.375 33.901-.04L224 284.505l154.745-154.021c9.379-9.335 24.544-9.317 33.901.04l22.667 22.667c9.373 9.373 9.373 24.569 0 33.941L240.971 381.476c-9.373 9.372-24.569 9.372-33.942 0z\"><\/path><\/svg>\t\t\t<\/div>\n\t\t<\/div>\n\t\t\t\t\t\t<\/div>\n\t\t\t\t\t<\/div>\n\t\t\t\t<\/div>\n\t\t<div class=\"elementor-element elementor-element-918439c e-flex e-con-boxed wpr-particle-no wpr-jarallax-no wpr-parallax-no wpr-sticky-section-no e-con e-parent\" data-id=\"918439c\" data-element_type=\"container\" data-e-type=\"container\">\n\t\t\t\t\t<div class=\"e-con-inner\">\n\t\t<div class=\"elementor-element elementor-element-14284f3 e-flex e-con-boxed wpr-particle-no wpr-jarallax-no wpr-parallax-no wpr-sticky-section-no e-con e-parent\" data-id=\"14284f3\" data-element_type=\"container\" data-e-type=\"container\">\n\t\t\t\t\t<div class=\"e-con-inner\">\n\t\t\t\t<div class=\"elementor-element elementor-element-066878b elementor-widget elementor-widget-image\" data-id=\"066878b\" data-element_type=\"widget\" data-e-type=\"widget\" data-widget_type=\"image.default\">\n\t\t\t\t\t\t\t\t\t\t\t\t\t\t\t<img fetchpriority=\"high\" decoding=\"async\" width=\"1024\" height=\"683\" src=\"https:\/\/af-energeticienne.fr\/wp-content\/uploads\/2026\/04\/27290290876_ca0de63490_b.jpg\" class=\"attachment-large size-large wp-image-2428\" alt=\"Sound meditation session at Grace Cathedral\" srcset=\"https:\/\/af-energeticienne.fr\/wp-content\/uploads\/2026\/04\/27290290876_ca0de63490_b.jpg 1024w, https:\/\/af-energeticienne.fr\/wp-content\/uploads\/2026\/04\/27290290876_ca0de63490_b-300x200.jpg 300w, https:\/\/af-energeticienne.fr\/wp-content\/uploads\/2026\/04\/27290290876_ca0de63490_b-768x512.jpg 768w, https:\/\/af-energeticienne.fr\/wp-content\/uploads\/2026\/04\/27290290876_ca0de63490_b-370x247.jpg 370w, https:\/\/af-energeticienne.fr\/wp-content\/uploads\/2026\/04\/27290290876_ca0de63490_b-776x517.jpg 776w\" sizes=\"(max-width: 1024px) 100vw, 1024px\" \/>\t\t\t\t\t\t\t\t\t\t\t\t\t\t\t<\/div>\n\t\t\t\t\t<\/div>\n\t\t\t\t<\/div>\n\t\t<div class=\"elementor-element elementor-element-914bcc8 e-flex e-con-boxed wpr-particle-no wpr-jarallax-no wpr-parallax-no wpr-sticky-section-no e-con e-parent\" data-id=\"914bcc8\" data-element_type=\"container\" data-e-type=\"container\">\n\t\t\t\t\t<div class=\"e-con-inner\">\n\t\t\t\t<div class=\"elementor-element elementor-element-10d6c95 elementor-widget elementor-widget-heading\" data-id=\"10d6c95\" data-element_type=\"widget\" data-e-type=\"widget\" data-widget_type=\"heading.default\">\n\t\t\t\t\t<h2 class=\"elementor-heading-title elementor-size-default\">Allison Fossey<\/h2>\t\t\t\t<\/div>\n\t\t\t\t<div class=\"elementor-element elementor-element-90f8380 elementor-widget elementor-widget-heading\" data-id=\"90f8380\" data-element_type=\"widget\" data-e-type=\"widget\" data-widget_type=\"heading.default\">\n\t\t\t\t\t<h3 class=\"elementor-heading-title elementor-size-default\">Praticienne de Sant\u00e9 Holistique \u00e0 Caen<\/h3>\t\t\t\t<\/div>\n\t\t\t\t<div class=\"elementor-element elementor-element-8ef707e elementor-widget elementor-widget-text-editor\" data-id=\"8ef707e\" data-element_type=\"widget\" data-e-type=\"widget\" data-widget_type=\"text-editor.default\">\n\t\t\t\t\t\t\t\t\t<p>Plus qu\u2019une vocation, ma d\u00e9marche est une invitation \u00e0 ralentir. J&rsquo;accompagne ceux qui cherchent \u00e0 reconnecter leur corps et leur esprit \u00e0 travers des pratiques ancestrales revisit\u00e9es pour le monde moderne dans mon cabinet de Caen.<\/p><p style=\"font-family: 'Noto Serif', serif; font-style: italic; color: #274335; margin-top: 1.5rem;\">\u00ab Mon approche ne traite pas seulement le sympt\u00f4me, mais l&rsquo;\u00eatre dans sa globalit\u00e9 vibratoire. \u00bb<\/p>\t\t\t\t\t\t\t\t<\/div>\n\t\t\t\t\t<\/div>\n\t\t\t\t<\/div>\n\t\t\t\t\t<\/div>\n\t\t\t\t<\/div>\n\t\t<div class=\"elementor-element elementor-element-b7083f3 e-flex e-con-boxed wpr-particle-no wpr-jarallax-no wpr-parallax-no wpr-sticky-section-no e-con e-parent\" data-id=\"b7083f3\" data-element_type=\"container\" data-e-type=\"container\" data-settings=\"{&quot;background_background&quot;:&quot;classic&quot;}\">\n\t\t\t\t\t<div class=\"e-con-inner\">\n\t\t\t\t<div class=\"elementor-element elementor-element-ca0ab7c elementor-widget elementor-widget-heading\" data-id=\"ca0ab7c\" data-element_type=\"widget\" data-e-type=\"widget\" data-widget_type=\"heading.default\">\n\t\t\t\t\t<h2 class=\"elementor-heading-title elementor-size-default\">Les Chemins de Soin<\/h2>\t\t\t\t<\/div>\n\t\t\t\t\t<\/div>\n\t\t\t\t<\/div>\n\t\t<div class=\"elementor-element elementor-element-a366d54 e-flex e-con-boxed wpr-particle-no wpr-jarallax-no wpr-parallax-no wpr-sticky-section-no e-con e-parent\" data-id=\"a366d54\" data-element_type=\"container\" data-e-type=\"container\" data-settings=\"{&quot;background_background&quot;:&quot;classic&quot;}\">\n\t\t\t\t\t<div class=\"e-con-inner\">\n\t\t\t\t<div class=\"elementor-element elementor-element-9a71355 elementor-widget elementor-widget-text-editor\" data-id=\"9a71355\" data-element_type=\"widget\" data-e-type=\"widget\" data-widget_type=\"text-editor.default\">\n\t\t\t\t\t\t\t\t\t<p style=\"color: #274335; text-align: center;\">\u00a9 2024 Allison Fossey \u2014 Praticienne en M\u00e9decine Alternative \u00e0 Caen<\/p>\t\t\t\t\t\t\t\t<\/div>\n\t\t\t\t\t<\/div>\n\t\t\t\t<\/div>\n\t\t<div class=\"elementor-element elementor-element-184ce64 e-flex e-con-boxed wpr-particle-no wpr-jarallax-no wpr-parallax-no wpr-sticky-section-no e-con e-parent\" data-id=\"184ce64\" data-element_type=\"container\" data-e-type=\"container\" data-settings=\"{&quot;position&quot;:&quot;-1&quot;}\">\n\t\t\t\t\t<div class=\"e-con-inner\">\n\t\t\t\t<div class=\"elementor-element elementor-element-481268a elementor-position-top elementor-widget elementor-widget-image-box\" data-id=\"481268a\" data-element_type=\"widget\" data-e-type=\"widget\" data-widget_type=\"image-box.default\">\n\t\t\t\t\t<div class=\"elementor-image-box-wrapper\"><figure class=\"elementor-image-box-img\"><img decoding=\"async\" src=\"https:\/\/af-energeticienne.fr\/wp-content\/plugins\/elementor\/assets\/images\/placeholder.png\" title=\"\" alt=\"\" loading=\"lazy\" \/><\/figure><div class=\"elementor-image-box-content\"><h3 class=\"elementor-image-box-title\">Magn\u00e9tisme<\/h3><p class=\"elementor-image-box-description\">Canalisation de l'\u00e9nergie vitale pour soulager les maux physiques et apaiser les tensions \u00e9motionnelles.<\/p><\/div><\/div>\t\t\t\t<\/div>\n\t\t\t\t<div class=\"elementor-element elementor-element-402ae4d elementor-position-top elementor-widget elementor-widget-image-box\" data-id=\"402ae4d\" data-element_type=\"widget\" data-e-type=\"widget\" data-widget_type=\"image-box.default\">\n\t\t\t\t\t<div class=\"elementor-image-box-wrapper\"><figure class=\"elementor-image-box-img\"><img decoding=\"async\" src=\"https:\/\/af-energeticienne.fr\/wp-content\/plugins\/elementor\/assets\/images\/placeholder.png\" title=\"\" alt=\"\" loading=\"lazy\" \/><\/figure><div class=\"elementor-image-box-content\"><h3 class=\"elementor-image-box-title\">Bol Tib\u00e9tain<\/h3><p class=\"elementor-image-box-description\">Soin vibratoire par le son. Les ondes sonores p\u00e9n\u00e8trent les cellules pour une relaxation profonde et cellulaire.<\/p><\/div><\/div>\t\t\t\t<\/div>\n\t\t\t\t<div class=\"elementor-element elementor-element-c07254b elementor-position-top elementor-widget elementor-widget-image-box\" data-id=\"c07254b\" data-element_type=\"widget\" data-e-type=\"widget\" data-widget_type=\"image-box.default\">\n\t\t\t\t\t<div class=\"elementor-image-box-wrapper\"><figure class=\"elementor-image-box-img\"><img decoding=\"async\" src=\"https:\/\/af-energeticienne.fr\/wp-content\/plugins\/elementor\/assets\/images\/placeholder.png\" title=\"\" alt=\"\" loading=\"lazy\" \/><\/figure><div class=\"elementor-image-box-content\"><h3 class=\"elementor-image-box-title\">Soin \u00e0 Distance<\/h3><p class=\"elementor-image-box-description\">L'\u00e9nergie ne conna\u00eet pas de fronti\u00e8res. Un accompagnement puissant, peu importe votre localisation g\u00e9ographique.<\/p><\/div><\/div>\t\t\t\t<\/div>\n\t\t\t\t\t<\/div>\n\t\t\t\t<\/div>\n\t\t<div class=\"elementor-element elementor-element-c6be83c e-flex e-con-boxed wpr-particle-no wpr-jarallax-no wpr-parallax-no wpr-sticky-section-no e-con e-parent\" data-id=\"c6be83c\" data-element_type=\"container\" data-e-type=\"container\" data-settings=\"{&quot;position&quot;:&quot;-1&quot;}\">\n\t\t\t\t\t<div class=\"e-con-inner\">\n\t\t\t\t<div class=\"elementor-element elementor-element-da95d5a elementor-position-top elementor-widget elementor-widget-image-box\" data-id=\"da95d5a\" data-element_type=\"widget\" data-e-type=\"widget\" data-widget_type=\"image-box.default\">\n\t\t\t\t\t<div class=\"elementor-image-box-wrapper\"><figure class=\"elementor-image-box-img\"><img decoding=\"async\" src=\"https:\/\/af-energeticienne.fr\/wp-content\/plugins\/elementor\/assets\/images\/placeholder.png\" title=\"\" alt=\"\" loading=\"lazy\" \/><\/figure><div class=\"elementor-image-box-content\"><h3 class=\"elementor-image-box-title\">Radiesth\u00e9sie<\/h3><p class=\"elementor-image-box-description\">Utilisation du pendule pour d\u00e9tecter les d\u00e9s\u00e9quilibres \u00e9nerg\u00e9tiques et harmoniser les lieux ou les personnes.<\/p><\/div><\/div>\t\t\t\t<\/div>\n\t\t\t\t<div class=\"elementor-element elementor-element-82b9aa9 elementor-position-top elementor-widget elementor-widget-image-box\" data-id=\"82b9aa9\" data-element_type=\"widget\" data-e-type=\"widget\" data-widget_type=\"image-box.default\">\n\t\t\t\t\t<div class=\"elementor-image-box-wrapper\"><figure class=\"elementor-image-box-img\"><img decoding=\"async\" src=\"https:\/\/af-energeticienne.fr\/wp-content\/plugins\/elementor\/assets\/images\/placeholder.png\" title=\"\" alt=\"\" loading=\"lazy\" \/><\/figure><div class=\"elementor-image-box-content\"><h3 class=\"elementor-image-box-title\">Coupage de Feu<\/h3><p class=\"elementor-image-box-description\">Intervention rapide pour soulager les br\u00fblures, zones inflammatoires ou effets secondaires de radioth\u00e9rapie.<\/p><\/div><\/div>\t\t\t\t<\/div>\n\t\t\t\t<div class=\"elementor-element elementor-element-eaad91d elementor-position-top elementor-widget elementor-widget-image-box\" data-id=\"eaad91d\" data-element_type=\"widget\" data-e-type=\"widget\" data-widget_type=\"image-box.default\">\n\t\t\t\t\t<div class=\"elementor-image-box-wrapper\"><figure class=\"elementor-image-box-img\"><img decoding=\"async\" src=\"https:\/\/af-energeticienne.fr\/wp-content\/plugins\/elementor\/assets\/images\/placeholder.png\" title=\"\" alt=\"\" loading=\"lazy\" \/><\/figure><div class=\"elementor-image-box-content\"><h3 class=\"elementor-image-box-title\">Hypnose \/ PNL<\/h3><p class=\"elementor-image-box-description\">Outils de transformation mentale pour lib\u00e9rer les sch\u00e9mas bloquants et reprogrammer vos m\u00e9canismes inconscients.<\/p><\/div><\/div>\t\t\t\t<\/div>\n\t\t\t\t\t<\/div>\n\t\t\t\t<\/div>\n\t\t\t\t<\/div>\n\t\t","protected":false},"excerpt":{"rendered":"<p>Allison Fossey Accueil \u00c0 Propos Contact R\u00e9server un Soin L&rsquo;\u00e9veil des sens &amp; de l&rsquo;\u00e2me \u2014 \u00c0 Caen Gu\u00e9rir par le souffle du vivant. \u00ab\u00a0Au c\u0153ur du silence, l\u00e0 o\u00f9 l&rsquo;\u00e9nergie circule sans entrave, se trouve la source de votre \u00e9quilibre v\u00e9ritable.\u00a0\u00bb Allison Fossey Praticienne de Sant\u00e9 Holistique \u00e0 Caen Plus qu\u2019une vocation, ma d\u00e9marche est une invitation \u00e0 ralentir. J&rsquo;accompagne ceux qui cherchent \u00e0 reconnecter leur corps et leur esprit \u00e0 travers des pratiques ancestrales revisit\u00e9es pour le monde moderne dans mon cabinet de Caen. \u00ab Mon approche ne traite pas seulement le sympt\u00f4me, mais l&rsquo;\u00eatre dans sa globalit\u00e9 vibratoire. \u00bb Les Chemins de Soin \u00a9 2024 Allison Fossey \u2014 Praticienne en M\u00e9decine Alternative \u00e0 Caen Magn\u00e9tisme Canalisation de l&rsquo;\u00e9nergie vitale pour soulager les maux physiques et apaiser les tensions \u00e9motionnelles. Bol Tib\u00e9tain Soin vibratoire par le son. Les ondes sonores p\u00e9n\u00e8trent les cellules pour une relaxation profonde et cellulaire. Soin \u00e0 Distance L&rsquo;\u00e9nergie ne conna\u00eet pas de fronti\u00e8res. Un accompagnement puissant, peu importe votre localisation g\u00e9ographique. Radiesth\u00e9sie Utilisation du pendule pour d\u00e9tecter les d\u00e9s\u00e9quilibres \u00e9nerg\u00e9tiques et harmoniser les lieux ou les personnes. Coupage de Feu Intervention rapide pour soulager les br\u00fblures, zones inflammatoires ou effets secondaires de radioth\u00e9rapie. Hypnose \/ PNL Outils de transformation mentale pour lib\u00e9rer les sch\u00e9mas bloquants et reprogrammer vos m\u00e9canismes inconscients.<\/p>\n","protected":false},"author":1,"featured_media":0,"parent":0,"menu_order":0,"comment_status":"closed","ping_status":"closed","template":"","meta":{"site-sidebar-layout":"default","site-content-layout":"","ast-site-content-layout":"default","site-content-style":"default","site-sidebar-style":"default","ast-global-header-display":"","ast-banner-title-visibility":"","ast-main-header-display":"","ast-hfb-above-header-display":"","ast-hfb-below-header-display":"","ast-hfb-mobile-header-display":"","site-post-title":"","ast-breadcrumbs-content":"","ast-featured-img":"","footer-sml-layout":"","ast-disable-related-posts":"","theme-transparent-header-meta":"","adv-header-id-meta":"","stick-header-meta":"","header-above-stick-meta":"","header-main-stick-meta":"","header-below-stick-meta":"","astra-migrate-meta-layouts":"default","ast-page-background-enabled":"default","ast-page-background-meta":{"desktop":{"background-color":"var(--ast-global-color-5)","background-image":"","background-repeat":"repeat","background-position":"center center","background-size":"auto","background-attachment":"scroll","background-type":"","background-media":"","overlay-type":"","overlay-color":"","overlay-opacity":"","overlay-gradient":""},"tablet":{"background-color":"","background-image":"","background-repeat":"repeat","background-position":"center center","background-size":"auto","background-attachment":"scroll","background-type":"","background-media":"","overlay-type":"","overlay-color":"","overlay-opacity":"","overlay-gradient":""},"mobile":{"background-color":"","background-image":"","background-repeat":"repeat","background-position":"center center","background-size":"auto","background-attachment":"scroll","background-type":"","background-media":"","overlay-type":"","overlay-color":"","overlay-opacity":"","overlay-gradient":""}},"ast-content-background-meta":{"desktop":{"background-color":"var(--ast-global-color-4)","background-image":"","background-repeat":"repeat","background-position":"center center","background-size":"auto","background-attachment":"scroll","background-type":"","background-media":"","overlay-type":"","overlay-color":"","overlay-opacity":"","overlay-gradient":""},"tablet":{"background-color":"var(--ast-global-color-4)","background-image":"","background-repeat":"repeat","background-position":"center center","background-size":"auto","background-attachment":"scroll","background-type":"","background-media":"","overlay-type":"","overlay-color":"","overlay-opacity":"","overlay-gradient":""},"mobile":{"background-color":"var(--ast-global-color-4)","background-image":"","background-repeat":"repeat","background-position":"center center","background-size":"auto","background-attachment":"scroll","background-type":"","background-media":"","overlay-type":"","overlay-color":"","overlay-opacity":"","overlay-gradient":""}},"footnotes":""},"class_list":["post-2429","page","type-page","status-publish","hentry"],"_links":{"self":[{"href":"https:\/\/af-energeticienne.fr\/index.php?rest_route=\/wp\/v2\/pages\/2429","targetHints":{"allow":["GET"]}}],"collection":[{"href":"https:\/\/af-energeticienne.fr\/index.php?rest_route=\/wp\/v2\/pages"}],"about":[{"href":"https:\/\/af-energeticienne.fr\/index.php?rest_route=\/wp\/v2\/types\/page"}],"author":[{"embeddable":true,"href":"https:\/\/af-energeticienne.fr\/index.php?rest_route=\/wp\/v2\/users\/1"}],"replies":[{"embeddable":true,"href":"https:\/\/af-energeticienne.fr\/index.php?rest_route=%2Fwp%2Fv2%2Fcomments&post=2429"}],"version-history":[{"count":16,"href":"https:\/\/af-energeticienne.fr\/index.php?rest_route=\/wp\/v2\/pages\/2429\/revisions"}],"predecessor-version":[{"id":2448,"href":"https:\/\/af-energeticienne.fr\/index.php?rest_route=\/wp\/v2\/pages\/2429\/revisions\/2448"}],"wp:attachment":[{"href":"https:\/\/af-energeticienne.fr\/index.php?rest_route=%2Fwp%2Fv2%2Fmedia&parent=2429"}],"curies":[{"name":"wp","href":"https:\/\/api.w.org\/{rel}","templated":true}]}}