{"id":1285,"date":"2021-11-03T10:27:15","date_gmt":"2021-11-03T09:27:15","guid":{"rendered":"https:\/\/demosites.royal-elementor-addons.com\/skincare-v1\/?page_id=9"},"modified":"2026-03-25T15:38:45","modified_gmt":"2026-03-25T15:38:45","slug":"accueil","status":"publish","type":"page","link":"https:\/\/af-energeticienne.fr\/?page_id=1285","title":{"rendered":"Accueil"},"content":{"rendered":"<h1>S\u00e9ances de soins &amp; bas\u00e9es sur les \u00e9nergies<\/h1>\n<h2>Magn\u00e9tiseuse \u00e0 <strong>Caen<\/strong><\/h2>\n<p>\t\t<a data-text=\"Go\" href=\"\/rendez-vous\"><br \/>\n\t\t\t\t\t\t\t\t\tPrendre rendez-vous<br \/>\n\t\t<\/a><br \/>\n\t\t\t\t\t\t\t\t\t\t\t\t\t\t\t\t<a href=\"\/a-propos\"><br \/>\n\t\t\t\t\t\t\t<img fetchpriority=\"high\" decoding=\"async\" width=\"960\" height=\"960\" src=\"https:\/\/af-energeticienne.fr\/wp-content\/uploads\/2024\/06\/allison-generated-polished.png\" alt=\"magn\u00e9tiseuse, \u00e9nerg\u00e9ticienne, allison fossey\" srcset=\"https:\/\/af-energeticienne.fr\/wp-content\/uploads\/2024\/06\/allison-generated-polished.png 1024w, https:\/\/af-energeticienne.fr\/wp-content\/uploads\/2024\/06\/allison-generated-polished-300x300.png 300w, https:\/\/af-energeticienne.fr\/wp-content\/uploads\/2024\/06\/allison-generated-polished-150x150.png 150w, https:\/\/af-energeticienne.fr\/wp-content\/uploads\/2024\/06\/allison-generated-polished-768x768.png 768w\" sizes=\"(max-width: 960px) 100vw, 960px\" \/>\t\t\t\t\t\t\t\t<\/a><\/p>\n<h2>Bienvenue&#8230;<\/h2>\n<p>\t\tJe suis ici pour vous accueillir avec compassion et empathie, afin de vous aider \u00e0 r\u00e9tablir l&rsquo;\u00e9quilibre en vous. Soigner les blessures psychologiques,\u00a0\u00e9motionnelles et physiques, c&rsquo;est mon v\u0153u le plus cher. \ud83d\ude4f\u00a0Je suis <b>Allison<\/b>, une praticienne exp\u00e9riment\u00e9e en magn\u00e9tisme, en \u00e9nerg\u00e9tique et en hypnoth\u00e9rapie.\u00a0Au sein de mon cabinet, \u00e0 domicile ou m\u00eame \u00e0 distance, je pratique des soins \u00e9nerg\u00e9tiques pour vous aider \u00e0 retrouver votre \u00e9nergie vitale.\u00a0Je crois que\u00a0le pouvoir de gu\u00e9rison est d\u00e9j\u00e0 en chacun d&rsquo;entre nous, et que mon r\u00f4le est de l&rsquo;aider \u00e0 resurfacer. Mon d\u00e9sir est de vous offrir un v\u00e9ritable mieux-\u00eatre\u00a0et une gu\u00e9rison compl\u00e8te sur une ou plusieurs s\u00e9ances, si n\u00e9cessaire.\u00a0\u00a0Je suis l\u00e0 pour vous accompagner sur le chemin de la sant\u00e9 et de votre bien-\u00eatre.\u00a0\u2764\ufe0f\u200d\ud83d\udd25\u00a0<br \/>\n\t\t<a data-text=\"Go\" href=\"\/index.php\/a-propos\"><br \/>\n\t\t\t\t\t\t\t\t\tEn savoir plus<br \/>\n\t\t<\/a><\/p>\n<h2>Soins<\/h2>\n<h2>Le meilleur \u00e0 vous offrir<\/h2>\n<h3><a href=\"\/index.php\/soins#magnetisme\">Magn\u00e9tisme<\/a><\/h3>\n<h3><a href=\"\/index.php\/soins#bol-tibetain\">Bol tib\u00e9tain<\/a><\/h3>\n<h3><a href=\"\/index.php\/soins#soin-a-distance\">Soin \u00e0 distance<\/a><\/h3>\n<h3><a href=\"\/index.php\/soins#radiesthesie\">Radiesth\u00e9sie<\/a><\/h3>\n<h3><a href=\"\/index.php\/soins#coupage-de-feu\">Coupage de feu<\/a><\/h3>\n<h3><a href=\"\/index.php\/soins#hypnose-pnl\">Hypnose \/ PNL<\/a><\/h3>\n<p>\t\t\t\t\t\t\tVavadidi Momo<br \/>\n\t\t\t\t\t\t\t04\/2024<\/p>\n<p><p>\u00ab\u00a0Je suis ravie de pouvoir donner mon avis car Allison d\u00e9cerne et ressent ce dont on a besoin comme soin. Pour ma part, tr\u00e8s \u00e0 l&rsquo;\u00e9coute, qui permet d&rsquo;\u00e9claircir ce pourquoi on va la voir. Aujourd&rsquo;hui un ressenti imm\u00e9diat, une sieste de 3h et cette s\u00e9ance de magn\u00e9tisme m&rsquo;a apais\u00e9. Je ne peux que vous conseiller ses services.\u00a0\u00bb<\/p>\n<\/p>\n<p>\t\t\t\t\t\t\tJulie Lesellier<br \/>\n\t\t\t\t\t\t\t03\/2024<\/p>\n<p><p>\u00ab\u00a0Que dire &#8230; Incroyable. Allison est \u00e0 la fois une th\u00e9rapeute, une maman, une amie, une s\u0153ur (oui oui , tout \u00e7a \u00e0 la fois !), \u00e0 qui on se confie, avec qui on pleure, on rit, on discute&#8230;<\/p>\n<p>Je suis arriv\u00e9e avec cette boule dans le ventre et je suis repartie pleine d&rsquo;espoir pour \u00e9crire le nouveau livre de ma vie. J&rsquo;ai fait une s\u00e9ance de magn\u00e9tisme par la suite dans une s\u00e9r\u00e9nit\u00e9 presque absolue.<\/p>\n<p>Un grand merci , j&rsquo;ai h\u00e2te de voir la suite et de me d\u00e9couvrir. \ud83c\udf1f\u00a0\u00bb<\/p>\n<\/p>\n<p>\t\t\t\t\t\t\tAm\u00e9lie G.<br \/>\n\t\t\t\t\t\t\t02\/2023<\/p>\n<p><p>\u00ab\u00a0Allison est tr\u00e8s \u00e0 l&rsquo;\u00e9coute, elle a fait un gros travail sur moi et d&rsquo;autres s\u00e9ances sont \u00e0 venir. Je recommande les yeux ferm\u00e9s <img decoding=\"async\" src=\"https:\/\/cdn.jsdelivr.net\/gh\/twitter\/twemoji@14.0.2\/assets\/72x72\/1f601.png\" alt=\"\ud83d\ude01\" \/><\/p>\n<p>Encore merci, j&rsquo;en ressens d\u00e9j\u00e0 les effets&#8230;\u00a0\u00bb<\/p>\n<\/p>\n<p>\t\t\t\t\t\t\tAlissa Rose<br \/>\n\t\t\t\t\t\t\t09\/2023<\/p>\n<p>\u00ab\u00a0Je recommande a 200% Allison est vraiment incroyable.<br \/>\nC&rsquo;\u00e9tait la premi\u00e8re fois que je faisais un soin, j&rsquo;ai ressenti tellement de sensations dans mon corps, on se sent a la fois lourd et l\u00e9ger.<br \/>\nC&rsquo;\u00e9tait tout simplement wow ! Merci beaucoup pour ton \u00e9coute, et ton temps.\u00a0\u00bb<\/p>\n<p>\t\t\t\t\t\t\t7 Days Ago<br \/>\n\t\t\t\t\t<svg version=\"1.1\" xmlns=\"http:\/\/www.w3.org\/2000\/svg\" xmlns:xlink=\"http:\/\/www.w3.org\/1999\/xlink\" x=\"0px\" y=\"0px\" viewBox=\"0 0 283.4 512\" style=\"enable-background:new 0 0 283.4 512;\" xml:space=\"preserve\"><g><polygon points=\"54.5,256.3 283.4,485.1 256.1,512.5 0,256.3 0,256.3 27.2,229 256.1,0 283.4,27.4 \"\/><\/g><\/svg><br \/>\n\t\t\t\t\t<svg version=\"1.1\" xmlns=\"http:\/\/www.w3.org\/2000\/svg\" xmlns:xlink=\"http:\/\/www.w3.org\/1999\/xlink\" x=\"0px\" y=\"0px\" viewBox=\"0 0 283.4 512\" style=\"enable-background:new 0 0 283.4 512;\" xml:space=\"preserve\"><g><polygon points=\"54.5,256.3 283.4,485.1 256.1,512.5 0,256.3 0,256.3 27.2,229 256.1,0 283.4,27.4 \"\/><\/g><\/svg><\/p>\n","protected":false},"excerpt":{"rendered":"<p>S\u00e9ances de soins &amp; bas\u00e9es sur les \u00e9nergies Magn\u00e9tiseuse \u00e0 Caen Prendre rendez-vous Bienvenue&#8230; Je suis ici pour vous accueillir avec compassion et empathie, afin de vous aider \u00e0 r\u00e9tablir l&rsquo;\u00e9quilibre en vous. Soigner les blessures psychologiques,\u00a0\u00e9motionnelles et physiques, c&rsquo;est mon v\u0153u le plus cher. \ud83d\ude4f\u00a0Je suis Allison, une praticienne exp\u00e9riment\u00e9e en magn\u00e9tisme, en \u00e9nerg\u00e9tique et en hypnoth\u00e9rapie.\u00a0Au sein de mon cabinet, \u00e0 domicile ou m\u00eame \u00e0 distance, je pratique des soins \u00e9nerg\u00e9tiques pour vous aider \u00e0 retrouver votre \u00e9nergie vitale.\u00a0Je crois que\u00a0le pouvoir de gu\u00e9rison est d\u00e9j\u00e0 en chacun d&rsquo;entre nous, et que mon r\u00f4le est de l&rsquo;aider \u00e0 resurfacer. Mon d\u00e9sir est de vous offrir un v\u00e9ritable mieux-\u00eatre\u00a0et une gu\u00e9rison compl\u00e8te sur une ou plusieurs s\u00e9ances, si n\u00e9cessaire.\u00a0\u00a0Je suis l\u00e0 pour vous accompagner sur le chemin de la sant\u00e9 et de votre bien-\u00eatre.\u00a0\u2764\ufe0f\u200d\ud83d\udd25\u00a0 En savoir plus Soins Le meilleur \u00e0 vous offrir Magn\u00e9tisme Bol tib\u00e9tain Soin \u00e0 distance Radiesth\u00e9sie Coupage de feu Hypnose \/ PNL Vavadidi Momo 04\/2024 \u00ab\u00a0Je suis ravie de pouvoir donner mon avis car Allison d\u00e9cerne et ressent ce dont on a besoin comme soin. Pour ma part, tr\u00e8s \u00e0 l&rsquo;\u00e9coute, qui permet d&rsquo;\u00e9claircir ce pourquoi on va la voir. Aujourd&rsquo;hui un ressenti imm\u00e9diat, une sieste de 3h et cette s\u00e9ance de magn\u00e9tisme m&rsquo;a apais\u00e9. Je ne peux que vous conseiller ses services.\u00a0\u00bb Julie Lesellier 03\/2024 \u00ab\u00a0Que dire &#8230; Incroyable. Allison est \u00e0 la fois une th\u00e9rapeute, une maman, une amie, une s\u0153ur (oui oui , tout \u00e7a \u00e0 la fois !), \u00e0 qui on se confie, avec qui on pleure, on rit, on discute&#8230; Je suis arriv\u00e9e avec cette boule dans le ventre et je suis repartie pleine d&rsquo;espoir pour \u00e9crire le nouveau livre de ma vie. J&rsquo;ai fait une s\u00e9ance de magn\u00e9tisme par la suite dans une s\u00e9r\u00e9nit\u00e9 presque absolue. Un grand merci , j&rsquo;ai h\u00e2te de voir la suite et de me d\u00e9couvrir. \ud83c\udf1f\u00a0\u00bb Am\u00e9lie G. 02\/2023 \u00ab\u00a0Allison est tr\u00e8s \u00e0 l&rsquo;\u00e9coute, elle a fait un gros travail sur moi et d&rsquo;autres s\u00e9ances sont \u00e0 venir. Je recommande les yeux ferm\u00e9s Encore merci, j&rsquo;en ressens d\u00e9j\u00e0 les effets&#8230;\u00a0\u00bb Alissa Rose 09\/2023 \u00ab\u00a0Je recommande a 200% Allison est vraiment incroyable. C&rsquo;\u00e9tait la premi\u00e8re fois que je faisais un soin, j&rsquo;ai ressenti tellement de sensations dans mon corps, on se sent a la fois lourd et l\u00e9ger. C&rsquo;\u00e9tait tout simplement wow ! Merci beaucoup pour ton \u00e9coute, et ton temps.\u00a0\u00bb 7 Days Ago<\/p>\n","protected":false},"author":1,"featured_media":0,"parent":0,"menu_order":0,"comment_status":"closed","ping_status":"closed","template":"elementor_header_footer","meta":{"site-sidebar-layout":"default","site-content-layout":"","ast-site-content-layout":"default","site-content-style":"default","site-sidebar-style":"default","ast-global-header-display":"","ast-banner-title-visibility":"","ast-main-header-display":"","ast-hfb-above-header-display":"","ast-hfb-below-header-display":"","ast-hfb-mobile-header-display":"","site-post-title":"","ast-breadcrumbs-content":"","ast-featured-img":"","footer-sml-layout":"","ast-disable-related-posts":"","theme-transparent-header-meta":"","adv-header-id-meta":"","stick-header-meta":"","header-above-stick-meta":"","header-main-stick-meta":"","header-below-stick-meta":"","astra-migrate-meta-layouts":"default","ast-page-background-enabled":"default","ast-page-background-meta":{"desktop":{"background-color":"var(--ast-global-color-5)","background-image":"","background-repeat":"repeat","background-position":"center center","background-size":"auto","background-attachment":"scroll","background-type":"","background-media":"","overlay-type":"","overlay-color":"","overlay-opacity":"","overlay-gradient":""},"tablet":{"background-color":"","background-image":"","background-repeat":"repeat","background-position":"center center","background-size":"auto","background-attachment":"scroll","background-type":"","background-media":"","overlay-type":"","overlay-color":"","overlay-opacity":"","overlay-gradient":""},"mobile":{"background-color":"","background-image":"","background-repeat":"repeat","background-position":"center center","background-size":"auto","background-attachment":"scroll","background-type":"","background-media":"","overlay-type":"","overlay-color":"","overlay-opacity":"","overlay-gradient":""}},"ast-content-background-meta":{"desktop":{"background-color":"var(--ast-global-color-4)","background-image":"","background-repeat":"repeat","background-position":"center center","background-size":"auto","background-attachment":"scroll","background-type":"","background-media":"","overlay-type":"","overlay-color":"","overlay-opacity":"","overlay-gradient":""},"tablet":{"background-color":"var(--ast-global-color-4)","background-image":"","background-repeat":"repeat","background-position":"center center","background-size":"auto","background-attachment":"scroll","background-type":"","background-media":"","overlay-type":"","overlay-color":"","overlay-opacity":"","overlay-gradient":""},"mobile":{"background-color":"var(--ast-global-color-4)","background-image":"","background-repeat":"repeat","background-position":"center center","background-size":"auto","background-attachment":"scroll","background-type":"","background-media":"","overlay-type":"","overlay-color":"","overlay-opacity":"","overlay-gradient":""}},"footnotes":""},"class_list":["post-1285","page","type-page","status-publish","hentry"],"_links":{"self":[{"href":"https:\/\/af-energeticienne.fr\/index.php?rest_route=\/wp\/v2\/pages\/1285","targetHints":{"allow":["GET"]}}],"collection":[{"href":"https:\/\/af-energeticienne.fr\/index.php?rest_route=\/wp\/v2\/pages"}],"about":[{"href":"https:\/\/af-energeticienne.fr\/index.php?rest_route=\/wp\/v2\/types\/page"}],"author":[{"embeddable":true,"href":"https:\/\/af-energeticienne.fr\/index.php?rest_route=\/wp\/v2\/users\/1"}],"replies":[{"embeddable":true,"href":"https:\/\/af-energeticienne.fr\/index.php?rest_route=%2Fwp%2Fv2%2Fcomments&post=1285"}],"version-history":[{"count":9,"href":"https:\/\/af-energeticienne.fr\/index.php?rest_route=\/wp\/v2\/pages\/1285\/revisions"}],"predecessor-version":[{"id":2418,"href":"https:\/\/af-energeticienne.fr\/index.php?rest_route=\/wp\/v2\/pages\/1285\/revisions\/2418"}],"wp:attachment":[{"href":"https:\/\/af-energeticienne.fr\/index.php?rest_route=%2Fwp%2Fv2%2Fmedia&parent=1285"}],"curies":[{"name":"wp","href":"https:\/\/api.w.org\/{rel}","templated":true}]}}